{"id":11047,"date":"2025-02-12T09:05:02","date_gmt":"2025-02-12T08:05:02","guid":{"rendered":"https:\/\/www.megafly.it\/prodotto\/the-green-purple\/"},"modified":"2025-11-27T11:59:58","modified_gmt":"2025-11-27T10:59:58","slug":"the-green-purple","status":"publish","type":"product","link":"https:\/\/www.megafly.it\/en\/prodotto\/the-green-purple\/","title":{"rendered":"THE GREEN &amp; PURPLE"},"content":{"rendered":"<p>Bo\u0161tjan Jakopi\u010d&#8217;s Green &amp; Purple is a nymph with a strong character, in which the gray olive shade body and blue-purple collar create a balanced and highly attractive color combination. This artificial has proven to be a real performer, capable of making a difference in many fishing situations, especially in the Brenta waters, where it has shown consistent effectiveness even on selective fish. The contrast between the natural body and reflections of the collar generates a subtle but irresistible visual appeal, making this nymph a must-have choice for those seeking a modern, technical and reliable imitation.  <\/p>\n<p>We are proud to present the series of nymphs made for Megafly by Bo\u0161tjan Jakopi\u010d. A professional fishing guide and builder of European renown, Bo\u0161tjan creates essential, technically flawless and extremely effective artificials. Simply put: true &#8220;fishing flies,&#8221; capable of making a difference in many situations.  <\/p>\n<p><img loading=\"lazy\" decoding=\"async\" src=\"https:\/\/www.megafly.it\/wp-content\/uploads\/2025\/02\/PHOTO-2025-09-28-12-26-13.jpg\" alt=\"\" width=\"1600\" height=\"1296\" class=\"alignnone size-full wp-image-10115\"><\/p>\n","protected":false},"excerpt":{"rendered":"<p>Bo\u0161tjan Jakopi\u010d&#8217;s Green &amp; Purple is a nymph with a strong character, in which the gray olive shade body and blue-purple collar create a balanced and highly attractive color combination. This artificial has proven to be a real performer, capable of making a difference in many fishing situations, especially in the Brenta waters, where it [&hellip;]<\/p>\n","protected":false},"featured_media":11048,"template":"","meta":{"_acf_changed":false},"product_brand":[],"product_cat":[1942,1945],"product_tag":[1946,1947,1949,1951,1952],"class_list":{"0":"post-11047","1":"product","2":"type-product","3":"status-publish","4":"has-post-thumbnail","6":"product_cat-flies","7":"product_cat-ninfe","8":"product_tag-ninfa","9":"product_tag-bostjan-jakopic","10":"product_tag-fishing-artificials","11":"product_tag-nymph-flies","12":"product_tag-green-purple","14":"first","15":"instock","16":"taxable","17":"shipping-taxable","18":"purchasable","19":"product-type-variable"},"acf":[],"yoast_head":"<!-- This site is optimized with the Yoast SEO plugin v26.1.1 - https:\/\/yoast.com\/wordpress\/plugins\/seo\/ -->\n<title>THE GREEN &amp; PURPLE - Megafly<\/title>\n<meta name=\"description\" content=\"Ninfa Green &amp; Purple by Bo\u0161tjan Jakopi\u010d for Megafly: gray olive body and blue-purple collar. High-performance artificial, also ideal in the waters of the Brenta\" \/>\n<meta name=\"robots\" content=\"index, follow, max-snippet:-1, max-image-preview:large, max-video-preview:-1\" \/>\n<link rel=\"canonical\" href=\"https:\/\/www.megafly.it\/en\/prodotto\/the-green-purple\/\" \/>\n<meta property=\"og:locale\" content=\"en_US\" \/>\n<meta property=\"og:type\" content=\"article\" \/>\n<meta property=\"og:title\" content=\"THE GREEN &amp; PURPLE - Megafly\" \/>\n<meta property=\"og:description\" content=\"Ninfa Green &amp; Purple by Bo\u0161tjan Jakopi\u010d for Megafly: gray olive body and blue-purple collar. High-performance artificial, also ideal in the waters of the Brenta\" \/>\n<meta property=\"og:url\" content=\"https:\/\/www.megafly.it\/en\/prodotto\/the-green-purple\/\" \/>\n<meta property=\"og:site_name\" content=\"Megafly\" \/>\n<meta property=\"article:modified_time\" content=\"2025-11-27T10:59:58+00:00\" \/>\n<meta property=\"og:image\" content=\"https:\/\/www.megafly.it\/wp-content\/uploads\/2025\/02\/1TO_GP.jpg\" \/>\n\t<meta property=\"og:image:width\" content=\"1721\" \/>\n\t<meta property=\"og:image:height\" content=\"1118\" \/>\n\t<meta property=\"og:image:type\" content=\"image\/jpeg\" \/>\n<meta name=\"twitter:card\" content=\"summary_large_image\" \/>\n<meta name=\"twitter:label1\" content=\"Est. reading time\" \/>\n\t<meta name=\"twitter:data1\" content=\"1 minute\" \/>\n<script type=\"application\/ld+json\" class=\"yoast-schema-graph\">{\"@context\":\"https:\/\/schema.org\",\"@graph\":[{\"@type\":\"WebPage\",\"@id\":\"https:\/\/www.megafly.it\/en\/prodotto\/the-green-purple\/\",\"url\":\"https:\/\/www.megafly.it\/en\/prodotto\/the-green-purple\/\",\"name\":\"THE GREEN &amp; PURPLE - Megafly\",\"isPartOf\":{\"@id\":\"https:\/\/www.megafly.it\/#website\"},\"primaryImageOfPage\":{\"@id\":\"https:\/\/www.megafly.it\/en\/prodotto\/the-green-purple\/#primaryimage\"},\"image\":{\"@id\":\"https:\/\/www.megafly.it\/en\/prodotto\/the-green-purple\/#primaryimage\"},\"thumbnailUrl\":\"https:\/\/www.megafly.it\/wp-content\/uploads\/2025\/02\/1TO_GP.jpg\",\"datePublished\":\"2025-02-12T08:05:02+00:00\",\"dateModified\":\"2025-11-27T10:59:58+00:00\",\"description\":\"Ninfa Green & Purple by Bo\u0161tjan Jakopi\u010d for Megafly: gray olive body and blue-purple collar. High-performance artificial, also ideal in the waters of the Brenta\",\"breadcrumb\":{\"@id\":\"https:\/\/www.megafly.it\/en\/prodotto\/the-green-purple\/#breadcrumb\"},\"inLanguage\":\"en-US\",\"potentialAction\":[{\"@type\":\"ReadAction\",\"target\":[\"https:\/\/www.megafly.it\/en\/prodotto\/the-green-purple\/\"]}]},{\"@type\":\"ImageObject\",\"inLanguage\":\"en-US\",\"@id\":\"https:\/\/www.megafly.it\/en\/prodotto\/the-green-purple\/#primaryimage\",\"url\":\"https:\/\/www.megafly.it\/wp-content\/uploads\/2025\/02\/1TO_GP.jpg\",\"contentUrl\":\"https:\/\/www.megafly.it\/wp-content\/uploads\/2025\/02\/1TO_GP.jpg\",\"width\":1721,\"height\":1118,\"caption\":\"Green and purple nymph jig with tungsten head for fly fishing\"},{\"@type\":\"BreadcrumbList\",\"@id\":\"https:\/\/www.megafly.it\/en\/prodotto\/the-green-purple\/#breadcrumb\",\"itemListElement\":[{\"@type\":\"ListItem\",\"position\":1,\"name\":\"Home\",\"item\":\"https:\/\/www.megafly.it\/en\/home\/\"},{\"@type\":\"ListItem\",\"position\":2,\"name\":\"Products\",\"item\":\"https:\/\/www.megafly.it\/en\/products\/\"},{\"@type\":\"ListItem\",\"position\":3,\"name\":\"THE GREEN &amp; PURPLE\"}]},{\"@type\":\"WebSite\",\"@id\":\"https:\/\/www.megafly.it\/#website\",\"url\":\"https:\/\/www.megafly.it\/\",\"name\":\"Megafly\",\"description\":\"\",\"potentialAction\":[{\"@type\":\"SearchAction\",\"target\":{\"@type\":\"EntryPoint\",\"urlTemplate\":\"https:\/\/www.megafly.it\/?s={search_term_string}\"},\"query-input\":{\"@type\":\"PropertyValueSpecification\",\"valueRequired\":true,\"valueName\":\"search_term_string\"}}],\"inLanguage\":\"en-US\"}]}<\/script>\n<!-- \/ Yoast SEO plugin. -->","yoast_head_json":{"title":"THE GREEN &amp; PURPLE - Megafly","description":"Ninfa Green & Purple by Bo\u0161tjan Jakopi\u010d for Megafly: gray olive body and blue-purple collar. High-performance artificial, also ideal in the waters of the Brenta","robots":{"index":"index","follow":"follow","max-snippet":"max-snippet:-1","max-image-preview":"max-image-preview:large","max-video-preview":"max-video-preview:-1"},"canonical":"https:\/\/www.megafly.it\/en\/prodotto\/the-green-purple\/","og_locale":"en_US","og_type":"article","og_title":"THE GREEN &amp; PURPLE - Megafly","og_description":"Ninfa Green & Purple by Bo\u0161tjan Jakopi\u010d for Megafly: gray olive body and blue-purple collar. High-performance artificial, also ideal in the waters of the Brenta","og_url":"https:\/\/www.megafly.it\/en\/prodotto\/the-green-purple\/","og_site_name":"Megafly","article_modified_time":"2025-11-27T10:59:58+00:00","og_image":[{"width":1721,"height":1118,"url":"https:\/\/www.megafly.it\/wp-content\/uploads\/2025\/02\/1TO_GP.jpg","type":"image\/jpeg"}],"twitter_card":"summary_large_image","twitter_misc":{"Est. reading time":"1 minute"},"schema":{"@context":"https:\/\/schema.org","@graph":[{"@type":"WebPage","@id":"https:\/\/www.megafly.it\/en\/prodotto\/the-green-purple\/","url":"https:\/\/www.megafly.it\/en\/prodotto\/the-green-purple\/","name":"THE GREEN &amp; PURPLE - Megafly","isPartOf":{"@id":"https:\/\/www.megafly.it\/#website"},"primaryImageOfPage":{"@id":"https:\/\/www.megafly.it\/en\/prodotto\/the-green-purple\/#primaryimage"},"image":{"@id":"https:\/\/www.megafly.it\/en\/prodotto\/the-green-purple\/#primaryimage"},"thumbnailUrl":"https:\/\/www.megafly.it\/wp-content\/uploads\/2025\/02\/1TO_GP.jpg","datePublished":"2025-02-12T08:05:02+00:00","dateModified":"2025-11-27T10:59:58+00:00","description":"Ninfa Green & Purple by Bo\u0161tjan Jakopi\u010d for Megafly: gray olive body and blue-purple collar. High-performance artificial, also ideal in the waters of the Brenta","breadcrumb":{"@id":"https:\/\/www.megafly.it\/en\/prodotto\/the-green-purple\/#breadcrumb"},"inLanguage":"en-US","potentialAction":[{"@type":"ReadAction","target":["https:\/\/www.megafly.it\/en\/prodotto\/the-green-purple\/"]}]},{"@type":"ImageObject","inLanguage":"en-US","@id":"https:\/\/www.megafly.it\/en\/prodotto\/the-green-purple\/#primaryimage","url":"https:\/\/www.megafly.it\/wp-content\/uploads\/2025\/02\/1TO_GP.jpg","contentUrl":"https:\/\/www.megafly.it\/wp-content\/uploads\/2025\/02\/1TO_GP.jpg","width":1721,"height":1118,"caption":"Green and purple nymph jig with tungsten head for fly fishing"},{"@type":"BreadcrumbList","@id":"https:\/\/www.megafly.it\/en\/prodotto\/the-green-purple\/#breadcrumb","itemListElement":[{"@type":"ListItem","position":1,"name":"Home","item":"https:\/\/www.megafly.it\/en\/home\/"},{"@type":"ListItem","position":2,"name":"Products","item":"https:\/\/www.megafly.it\/en\/products\/"},{"@type":"ListItem","position":3,"name":"THE GREEN &amp; PURPLE"}]},{"@type":"WebSite","@id":"https:\/\/www.megafly.it\/#website","url":"https:\/\/www.megafly.it\/","name":"Megafly","description":"","potentialAction":[{"@type":"SearchAction","target":{"@type":"EntryPoint","urlTemplate":"https:\/\/www.megafly.it\/?s={search_term_string}"},"query-input":{"@type":"PropertyValueSpecification","valueRequired":true,"valueName":"search_term_string"}}],"inLanguage":"en-US"}]}},"_links":{"self":[{"href":"https:\/\/www.megafly.it\/en\/wp-json\/wp\/v2\/product\/11047","targetHints":{"allow":["GET"]}}],"collection":[{"href":"https:\/\/www.megafly.it\/en\/wp-json\/wp\/v2\/product"}],"about":[{"href":"https:\/\/www.megafly.it\/en\/wp-json\/wp\/v2\/types\/product"}],"wp:featuredmedia":[{"embeddable":true,"href":"https:\/\/www.megafly.it\/en\/wp-json\/wp\/v2\/media\/11048"}],"wp:attachment":[{"href":"https:\/\/www.megafly.it\/en\/wp-json\/wp\/v2\/media?parent=11047"}],"wp:term":[{"taxonomy":"product_brand","embeddable":true,"href":"https:\/\/www.megafly.it\/en\/wp-json\/wp\/v2\/product_brand?post=11047"},{"taxonomy":"product_cat","embeddable":true,"href":"https:\/\/www.megafly.it\/en\/wp-json\/wp\/v2\/product_cat?post=11047"},{"taxonomy":"product_tag","embeddable":true,"href":"https:\/\/www.megafly.it\/en\/wp-json\/wp\/v2\/product_tag?post=11047"}],"curies":[{"name":"wp","href":"https:\/\/api.w.org\/{rel}","templated":true}]}}