{"id":11051,"date":"2025-02-12T09:05:02","date_gmt":"2025-02-12T08:05:02","guid":{"rendered":"https:\/\/www.megafly.it\/prodotto\/la-nymphx-10\/"},"modified":"2025-11-27T15:57:09","modified_gmt":"2025-11-27T14:57:09","slug":"la-nymphx-10","status":"publish","type":"product","link":"https:\/\/www.megafly.it\/en\/prodotto\/la-nymphx-10\/","title":{"rendered":"LA NYMPHX #10"},"content":{"rendered":"<p>Bo\u0161tjan Jakopi\u010d&#8217;s Nympx is a large nymph, mounted on a No. 10 hook, designed to bait the most important fish or to tackle deep, powerful water. The silicone legs generate numerous vibrations in the water, making this artificial highly visible and stimulating for even the most apathetic predators. It is a fly that can really make a difference in many situations, particularly during times when large plecotherms are on the move, when their presence drives trout to instinctive prey. The Nympx is a voluminous, lively and dynamic imitation, capable of delivering unexpected catches just when everything seems to stand still.<\/p>\n<p>We are proud to present the series of nymphs made for Megafly by Bo\u0161tjan Jakopi\u010d. A professional fishing guide and builder of European renown, Bo\u0161tjan creates essential, technically flawless and extremely effective artificials. Simply put: true &#8220;fishing flies,&#8221; capable of making a difference in many situations.<\/p>\n<p><img loading=\"lazy\" decoding=\"async\" class=\"alignnone size-full wp-image-10115\" src=\"https:\/\/www.megafly.it\/wp-content\/uploads\/2025\/02\/PHOTO-2025-09-28-12-26-13.jpg\" alt=\"\" width=\"1600\" height=\"1296\" \/><\/p>\n","protected":false},"excerpt":{"rendered":"<p>Bo\u0161tjan Jakopi\u010d&#8217;s Nympx is a large nymph, mounted on a No. 10 hook, designed to bait the most important fish or to tackle deep, powerful water. The silicone legs generate numerous vibrations in the water, making this artificial highly visible and stimulating for even the most apathetic predators. It is a fly that can really [&hellip;]<\/p>\n","protected":false},"featured_media":11052,"template":"","meta":{"_acf_changed":false},"product_brand":[],"product_cat":[1942,1945],"product_tag":[1949,1951,1957,1946,1947],"class_list":{"0":"post-11051","1":"product","2":"type-product","3":"status-publish","4":"has-post-thumbnail","6":"product_cat-flies","7":"product_cat-ninfe","8":"product_tag-fishing-artificials","9":"product_tag-nymph-flies","10":"product_tag-nympx","11":"product_tag-ninfa","12":"product_tag-bostjan-jakopic","14":"first","15":"instock","16":"taxable","17":"shipping-taxable","18":"purchasable","19":"product-type-variable"},"acf":[],"yoast_head":"<!-- This site is optimized with the Yoast SEO plugin v26.1.1 - https:\/\/yoast.com\/wordpress\/plugins\/seo\/ -->\n<title>LA NYMPHX #10 - Megafly<\/title>\n<meta name=\"description\" content=\"Nymph Nympx by Bo\u0161tjan Jakopi\u010d for Megafly: great imitation with silicone paws, perfect during plecoptera periods and in deep water.\" \/>\n<meta name=\"robots\" content=\"index, follow, max-snippet:-1, max-image-preview:large, max-video-preview:-1\" \/>\n<link rel=\"canonical\" href=\"https:\/\/www.megafly.it\/en\/prodotto\/la-nymphx-10\/\" \/>\n<meta property=\"og:locale\" content=\"en_US\" \/>\n<meta property=\"og:type\" content=\"article\" \/>\n<meta property=\"og:title\" content=\"LA NYMPHX #10 - Megafly\" \/>\n<meta property=\"og:description\" content=\"Nymph Nympx by Bo\u0161tjan Jakopi\u010d for Megafly: great imitation with silicone paws, perfect during plecoptera periods and in deep water.\" \/>\n<meta property=\"og:url\" content=\"https:\/\/www.megafly.it\/en\/prodotto\/la-nymphx-10\/\" \/>\n<meta property=\"og:site_name\" content=\"Megafly\" \/>\n<meta property=\"article:modified_time\" content=\"2025-11-27T14:57:09+00:00\" \/>\n<meta property=\"og:image\" content=\"https:\/\/www.megafly.it\/wp-content\/uploads\/2025\/02\/1NIMPHX-scaled.jpg\" \/>\n\t<meta property=\"og:image:width\" content=\"4011\" \/>\n\t<meta property=\"og:image:height\" content=\"2667\" \/>\n\t<meta property=\"og:image:type\" content=\"image\/jpeg\" \/>\n<meta name=\"twitter:card\" content=\"summary_large_image\" \/>\n<meta name=\"twitter:label1\" content=\"Est. reading time\" \/>\n\t<meta name=\"twitter:data1\" content=\"2 minutes\" \/>\n<script type=\"application\/ld+json\" class=\"yoast-schema-graph\">{\"@context\":\"https:\/\/schema.org\",\"@graph\":[{\"@type\":\"WebPage\",\"@id\":\"https:\/\/www.megafly.it\/en\/prodotto\/la-nymphx-10\/\",\"url\":\"https:\/\/www.megafly.it\/en\/prodotto\/la-nymphx-10\/\",\"name\":\"LA NYMPHX #10 - Megafly\",\"isPartOf\":{\"@id\":\"https:\/\/www.megafly.it\/#website\"},\"primaryImageOfPage\":{\"@id\":\"https:\/\/www.megafly.it\/en\/prodotto\/la-nymphx-10\/#primaryimage\"},\"image\":{\"@id\":\"https:\/\/www.megafly.it\/en\/prodotto\/la-nymphx-10\/#primaryimage\"},\"thumbnailUrl\":\"https:\/\/www.megafly.it\/wp-content\/uploads\/2025\/02\/1NIMPHX-scaled.jpg\",\"datePublished\":\"2025-02-12T08:05:02+00:00\",\"dateModified\":\"2025-11-27T14:57:09+00:00\",\"description\":\"Nymph Nympx by Bo\u0161tjan Jakopi\u010d for Megafly: great imitation with silicone paws, perfect during plecoptera periods and in deep water.\",\"breadcrumb\":{\"@id\":\"https:\/\/www.megafly.it\/en\/prodotto\/la-nymphx-10\/#breadcrumb\"},\"inLanguage\":\"en-US\",\"potentialAction\":[{\"@type\":\"ReadAction\",\"target\":[\"https:\/\/www.megafly.it\/en\/prodotto\/la-nymphx-10\/\"]}]},{\"@type\":\"ImageObject\",\"inLanguage\":\"en-US\",\"@id\":\"https:\/\/www.megafly.it\/en\/prodotto\/la-nymphx-10\/#primaryimage\",\"url\":\"https:\/\/www.megafly.it\/wp-content\/uploads\/2025\/02\/1NIMPHX-scaled.jpg\",\"contentUrl\":\"https:\/\/www.megafly.it\/wp-content\/uploads\/2025\/02\/1NIMPHX-scaled.jpg\",\"width\":4011,\"height\":2667,\"caption\":\"Nymph jig NymphX with tungsten head for fly fishing\"},{\"@type\":\"BreadcrumbList\",\"@id\":\"https:\/\/www.megafly.it\/en\/prodotto\/la-nymphx-10\/#breadcrumb\",\"itemListElement\":[{\"@type\":\"ListItem\",\"position\":1,\"name\":\"Home\",\"item\":\"https:\/\/www.megafly.it\/en\/home\/\"},{\"@type\":\"ListItem\",\"position\":2,\"name\":\"Products\",\"item\":\"https:\/\/www.megafly.it\/en\/products\/\"},{\"@type\":\"ListItem\",\"position\":3,\"name\":\"LA NYMPHX #10\"}]},{\"@type\":\"WebSite\",\"@id\":\"https:\/\/www.megafly.it\/#website\",\"url\":\"https:\/\/www.megafly.it\/\",\"name\":\"Megafly\",\"description\":\"\",\"potentialAction\":[{\"@type\":\"SearchAction\",\"target\":{\"@type\":\"EntryPoint\",\"urlTemplate\":\"https:\/\/www.megafly.it\/?s={search_term_string}\"},\"query-input\":{\"@type\":\"PropertyValueSpecification\",\"valueRequired\":true,\"valueName\":\"search_term_string\"}}],\"inLanguage\":\"en-US\"}]}<\/script>\n<!-- \/ Yoast SEO plugin. -->","yoast_head_json":{"title":"LA NYMPHX #10 - Megafly","description":"Nymph Nympx by Bo\u0161tjan Jakopi\u010d for Megafly: great imitation with silicone paws, perfect during plecoptera periods and in deep water.","robots":{"index":"index","follow":"follow","max-snippet":"max-snippet:-1","max-image-preview":"max-image-preview:large","max-video-preview":"max-video-preview:-1"},"canonical":"https:\/\/www.megafly.it\/en\/prodotto\/la-nymphx-10\/","og_locale":"en_US","og_type":"article","og_title":"LA NYMPHX #10 - Megafly","og_description":"Nymph Nympx by Bo\u0161tjan Jakopi\u010d for Megafly: great imitation with silicone paws, perfect during plecoptera periods and in deep water.","og_url":"https:\/\/www.megafly.it\/en\/prodotto\/la-nymphx-10\/","og_site_name":"Megafly","article_modified_time":"2025-11-27T14:57:09+00:00","og_image":[{"width":4011,"height":2667,"url":"https:\/\/www.megafly.it\/wp-content\/uploads\/2025\/02\/1NIMPHX-scaled.jpg","type":"image\/jpeg"}],"twitter_card":"summary_large_image","twitter_misc":{"Est. reading time":"2 minutes"},"schema":{"@context":"https:\/\/schema.org","@graph":[{"@type":"WebPage","@id":"https:\/\/www.megafly.it\/en\/prodotto\/la-nymphx-10\/","url":"https:\/\/www.megafly.it\/en\/prodotto\/la-nymphx-10\/","name":"LA NYMPHX #10 - Megafly","isPartOf":{"@id":"https:\/\/www.megafly.it\/#website"},"primaryImageOfPage":{"@id":"https:\/\/www.megafly.it\/en\/prodotto\/la-nymphx-10\/#primaryimage"},"image":{"@id":"https:\/\/www.megafly.it\/en\/prodotto\/la-nymphx-10\/#primaryimage"},"thumbnailUrl":"https:\/\/www.megafly.it\/wp-content\/uploads\/2025\/02\/1NIMPHX-scaled.jpg","datePublished":"2025-02-12T08:05:02+00:00","dateModified":"2025-11-27T14:57:09+00:00","description":"Nymph Nympx by Bo\u0161tjan Jakopi\u010d for Megafly: great imitation with silicone paws, perfect during plecoptera periods and in deep water.","breadcrumb":{"@id":"https:\/\/www.megafly.it\/en\/prodotto\/la-nymphx-10\/#breadcrumb"},"inLanguage":"en-US","potentialAction":[{"@type":"ReadAction","target":["https:\/\/www.megafly.it\/en\/prodotto\/la-nymphx-10\/"]}]},{"@type":"ImageObject","inLanguage":"en-US","@id":"https:\/\/www.megafly.it\/en\/prodotto\/la-nymphx-10\/#primaryimage","url":"https:\/\/www.megafly.it\/wp-content\/uploads\/2025\/02\/1NIMPHX-scaled.jpg","contentUrl":"https:\/\/www.megafly.it\/wp-content\/uploads\/2025\/02\/1NIMPHX-scaled.jpg","width":4011,"height":2667,"caption":"Nymph jig NymphX with tungsten head for fly fishing"},{"@type":"BreadcrumbList","@id":"https:\/\/www.megafly.it\/en\/prodotto\/la-nymphx-10\/#breadcrumb","itemListElement":[{"@type":"ListItem","position":1,"name":"Home","item":"https:\/\/www.megafly.it\/en\/home\/"},{"@type":"ListItem","position":2,"name":"Products","item":"https:\/\/www.megafly.it\/en\/products\/"},{"@type":"ListItem","position":3,"name":"LA NYMPHX #10"}]},{"@type":"WebSite","@id":"https:\/\/www.megafly.it\/#website","url":"https:\/\/www.megafly.it\/","name":"Megafly","description":"","potentialAction":[{"@type":"SearchAction","target":{"@type":"EntryPoint","urlTemplate":"https:\/\/www.megafly.it\/?s={search_term_string}"},"query-input":{"@type":"PropertyValueSpecification","valueRequired":true,"valueName":"search_term_string"}}],"inLanguage":"en-US"}]}},"_links":{"self":[{"href":"https:\/\/www.megafly.it\/en\/wp-json\/wp\/v2\/product\/11051","targetHints":{"allow":["GET"]}}],"collection":[{"href":"https:\/\/www.megafly.it\/en\/wp-json\/wp\/v2\/product"}],"about":[{"href":"https:\/\/www.megafly.it\/en\/wp-json\/wp\/v2\/types\/product"}],"wp:featuredmedia":[{"embeddable":true,"href":"https:\/\/www.megafly.it\/en\/wp-json\/wp\/v2\/media\/11052"}],"wp:attachment":[{"href":"https:\/\/www.megafly.it\/en\/wp-json\/wp\/v2\/media?parent=11051"}],"wp:term":[{"taxonomy":"product_brand","embeddable":true,"href":"https:\/\/www.megafly.it\/en\/wp-json\/wp\/v2\/product_brand?post=11051"},{"taxonomy":"product_cat","embeddable":true,"href":"https:\/\/www.megafly.it\/en\/wp-json\/wp\/v2\/product_cat?post=11051"},{"taxonomy":"product_tag","embeddable":true,"href":"https:\/\/www.megafly.it\/en\/wp-json\/wp\/v2\/product_tag?post=11051"}],"curies":[{"name":"wp","href":"https:\/\/api.w.org\/{rel}","templated":true}]}}