{"id":11054,"date":"2025-02-12T09:05:02","date_gmt":"2025-02-12T08:05:02","guid":{"rendered":"https:\/\/www.megafly.it\/prodotto\/the-copper-green\/"},"modified":"2025-11-27T11:59:55","modified_gmt":"2025-11-27T10:59:55","slug":"the-copper-green","status":"publish","type":"product","link":"https:\/\/www.megafly.it\/en\/prodotto\/the-copper-green\/","title":{"rendered":"THE COPPER &amp; GREEN"},"content":{"rendered":"<p>Bo\u0161tjan Jakopi\u010d&#8217;s Copper &amp; Green is a nymph constructed with a copper-colored (copper) body and a distinctive green collar, a simple but extremely effective combination. The coppery body mimics the natural hues of many aquatic invertebrates and provides visibility even at depth, while the green collar adds an attractive point that draws the attention of fish in a natural way. This color choice, balanced between realism and visual stimulation, makes the Copper &amp; Green ideal for baiting trout and grayling in clear water as well as in the most sustained streams. It is a reliable and versatile fly, capable of entering the fishery immediately and delivering excellent results in a wide variety of scenarios.   <\/p>\n<p>We are proud to present the series of nymphs made for Megafly by Bo\u0161tjan Jakopi\u010d. A professional fishing guide and builder of European renown, Bo\u0161tjan creates essential, technically flawless and extremely effective artificials. Simply put: true &#8220;fishing flies,&#8221; capable of making a difference in many situations.  <\/p>\n<p><img loading=\"lazy\" decoding=\"async\" src=\"https:\/\/www.megafly.it\/wp-content\/uploads\/2025\/02\/PHOTO-2025-09-28-12-26-13.jpg\" alt=\"\" width=\"1600\" height=\"1296\" class=\"alignnone size-full wp-image-10115\"><\/p>\n","protected":false},"excerpt":{"rendered":"<p>Bo\u0161tjan Jakopi\u010d&#8217;s Copper &amp; Green is a nymph constructed with a copper-colored (copper) body and a distinctive green collar, a simple but extremely effective combination. The coppery body mimics the natural hues of many aquatic invertebrates and provides visibility even at depth, while the green collar adds an attractive point that draws the attention of [&hellip;]<\/p>\n","protected":false},"featured_media":11057,"template":"","meta":{"_acf_changed":false},"product_brand":[],"product_cat":[1942,1945],"product_tag":[1946,1947,1949,1951,1959],"class_list":{"0":"post-11054","1":"product","2":"type-product","3":"status-publish","4":"has-post-thumbnail","6":"product_cat-flies","7":"product_cat-ninfe","8":"product_tag-ninfa","9":"product_tag-bostjan-jakopic","10":"product_tag-fishing-artificials","11":"product_tag-nymph-flies","12":"product_tag-copper-green","14":"first","15":"instock","16":"taxable","17":"shipping-taxable","18":"purchasable","19":"product-type-variable"},"acf":[],"yoast_head":"<!-- This site is optimized with the Yoast SEO plugin v26.1.1 - https:\/\/yoast.com\/wordpress\/plugins\/seo\/ -->\n<title>THE COPPER &amp; GREEN - Megafly<\/title>\n<meta name=\"description\" content=\"Ninfa Copper &amp; Green by Bo\u0161tjan Jakopi\u010d for Megafly: coppery body and green collar, credible and attractive artificial for trout and grayling.\" \/>\n<meta name=\"robots\" content=\"index, follow, max-snippet:-1, max-image-preview:large, max-video-preview:-1\" \/>\n<link rel=\"canonical\" href=\"https:\/\/www.megafly.it\/en\/prodotto\/the-copper-green\/\" \/>\n<meta property=\"og:locale\" content=\"en_US\" \/>\n<meta property=\"og:type\" content=\"article\" \/>\n<meta property=\"og:title\" content=\"THE COPPER &amp; GREEN - Megafly\" \/>\n<meta property=\"og:description\" content=\"Ninfa Copper &amp; Green by Bo\u0161tjan Jakopi\u010d for Megafly: coppery body and green collar, credible and attractive artificial for trout and grayling.\" \/>\n<meta property=\"og:url\" content=\"https:\/\/www.megafly.it\/en\/prodotto\/the-copper-green\/\" \/>\n<meta property=\"og:site_name\" content=\"Megafly\" \/>\n<meta property=\"article:modified_time\" content=\"2025-11-27T10:59:55+00:00\" \/>\n<meta property=\"og:image\" content=\"https:\/\/www.megafly.it\/wp-content\/uploads\/2025\/02\/2TO_CG.jpg\" \/>\n\t<meta property=\"og:image:width\" content=\"2004\" \/>\n\t<meta property=\"og:image:height\" content=\"1260\" \/>\n\t<meta property=\"og:image:type\" content=\"image\/jpeg\" \/>\n<meta name=\"twitter:card\" content=\"summary_large_image\" \/>\n<meta name=\"twitter:label1\" content=\"Est. reading time\" \/>\n\t<meta name=\"twitter:data1\" content=\"1 minute\" \/>\n<script type=\"application\/ld+json\" class=\"yoast-schema-graph\">{\"@context\":\"https:\/\/schema.org\",\"@graph\":[{\"@type\":\"WebPage\",\"@id\":\"https:\/\/www.megafly.it\/en\/prodotto\/the-copper-green\/\",\"url\":\"https:\/\/www.megafly.it\/en\/prodotto\/the-copper-green\/\",\"name\":\"THE COPPER &amp; GREEN - Megafly\",\"isPartOf\":{\"@id\":\"https:\/\/www.megafly.it\/#website\"},\"primaryImageOfPage\":{\"@id\":\"https:\/\/www.megafly.it\/en\/prodotto\/the-copper-green\/#primaryimage\"},\"image\":{\"@id\":\"https:\/\/www.megafly.it\/en\/prodotto\/the-copper-green\/#primaryimage\"},\"thumbnailUrl\":\"https:\/\/www.megafly.it\/wp-content\/uploads\/2025\/02\/2TO_CG.jpg\",\"datePublished\":\"2025-02-12T08:05:02+00:00\",\"dateModified\":\"2025-11-27T10:59:55+00:00\",\"description\":\"Ninfa Copper & Green by Bo\u0161tjan Jakopi\u010d for Megafly: coppery body and green collar, credible and attractive artificial for trout and grayling.\",\"breadcrumb\":{\"@id\":\"https:\/\/www.megafly.it\/en\/prodotto\/the-copper-green\/#breadcrumb\"},\"inLanguage\":\"en-US\",\"potentialAction\":[{\"@type\":\"ReadAction\",\"target\":[\"https:\/\/www.megafly.it\/en\/prodotto\/the-copper-green\/\"]}]},{\"@type\":\"ImageObject\",\"inLanguage\":\"en-US\",\"@id\":\"https:\/\/www.megafly.it\/en\/prodotto\/the-copper-green\/#primaryimage\",\"url\":\"https:\/\/www.megafly.it\/wp-content\/uploads\/2025\/02\/2TO_CG.jpg\",\"contentUrl\":\"https:\/\/www.megafly.it\/wp-content\/uploads\/2025\/02\/2TO_CG.jpg\",\"width\":2004,\"height\":1260,\"caption\":\"Copper and green nymph jig with tungsten head for fly fishing\"},{\"@type\":\"BreadcrumbList\",\"@id\":\"https:\/\/www.megafly.it\/en\/prodotto\/the-copper-green\/#breadcrumb\",\"itemListElement\":[{\"@type\":\"ListItem\",\"position\":1,\"name\":\"Home\",\"item\":\"https:\/\/www.megafly.it\/en\/home\/\"},{\"@type\":\"ListItem\",\"position\":2,\"name\":\"Products\",\"item\":\"https:\/\/www.megafly.it\/en\/products\/\"},{\"@type\":\"ListItem\",\"position\":3,\"name\":\"THE COPPER &amp; GREEN\"}]},{\"@type\":\"WebSite\",\"@id\":\"https:\/\/www.megafly.it\/#website\",\"url\":\"https:\/\/www.megafly.it\/\",\"name\":\"Megafly\",\"description\":\"\",\"potentialAction\":[{\"@type\":\"SearchAction\",\"target\":{\"@type\":\"EntryPoint\",\"urlTemplate\":\"https:\/\/www.megafly.it\/?s={search_term_string}\"},\"query-input\":{\"@type\":\"PropertyValueSpecification\",\"valueRequired\":true,\"valueName\":\"search_term_string\"}}],\"inLanguage\":\"en-US\"}]}<\/script>\n<!-- \/ Yoast SEO plugin. -->","yoast_head_json":{"title":"THE COPPER &amp; GREEN - Megafly","description":"Ninfa Copper & Green by Bo\u0161tjan Jakopi\u010d for Megafly: coppery body and green collar, credible and attractive artificial for trout and grayling.","robots":{"index":"index","follow":"follow","max-snippet":"max-snippet:-1","max-image-preview":"max-image-preview:large","max-video-preview":"max-video-preview:-1"},"canonical":"https:\/\/www.megafly.it\/en\/prodotto\/the-copper-green\/","og_locale":"en_US","og_type":"article","og_title":"THE COPPER &amp; GREEN - Megafly","og_description":"Ninfa Copper & Green by Bo\u0161tjan Jakopi\u010d for Megafly: coppery body and green collar, credible and attractive artificial for trout and grayling.","og_url":"https:\/\/www.megafly.it\/en\/prodotto\/the-copper-green\/","og_site_name":"Megafly","article_modified_time":"2025-11-27T10:59:55+00:00","og_image":[{"width":2004,"height":1260,"url":"https:\/\/www.megafly.it\/wp-content\/uploads\/2025\/02\/2TO_CG.jpg","type":"image\/jpeg"}],"twitter_card":"summary_large_image","twitter_misc":{"Est. reading time":"1 minute"},"schema":{"@context":"https:\/\/schema.org","@graph":[{"@type":"WebPage","@id":"https:\/\/www.megafly.it\/en\/prodotto\/the-copper-green\/","url":"https:\/\/www.megafly.it\/en\/prodotto\/the-copper-green\/","name":"THE COPPER &amp; GREEN - Megafly","isPartOf":{"@id":"https:\/\/www.megafly.it\/#website"},"primaryImageOfPage":{"@id":"https:\/\/www.megafly.it\/en\/prodotto\/the-copper-green\/#primaryimage"},"image":{"@id":"https:\/\/www.megafly.it\/en\/prodotto\/the-copper-green\/#primaryimage"},"thumbnailUrl":"https:\/\/www.megafly.it\/wp-content\/uploads\/2025\/02\/2TO_CG.jpg","datePublished":"2025-02-12T08:05:02+00:00","dateModified":"2025-11-27T10:59:55+00:00","description":"Ninfa Copper & Green by Bo\u0161tjan Jakopi\u010d for Megafly: coppery body and green collar, credible and attractive artificial for trout and grayling.","breadcrumb":{"@id":"https:\/\/www.megafly.it\/en\/prodotto\/the-copper-green\/#breadcrumb"},"inLanguage":"en-US","potentialAction":[{"@type":"ReadAction","target":["https:\/\/www.megafly.it\/en\/prodotto\/the-copper-green\/"]}]},{"@type":"ImageObject","inLanguage":"en-US","@id":"https:\/\/www.megafly.it\/en\/prodotto\/the-copper-green\/#primaryimage","url":"https:\/\/www.megafly.it\/wp-content\/uploads\/2025\/02\/2TO_CG.jpg","contentUrl":"https:\/\/www.megafly.it\/wp-content\/uploads\/2025\/02\/2TO_CG.jpg","width":2004,"height":1260,"caption":"Copper and green nymph jig with tungsten head for fly fishing"},{"@type":"BreadcrumbList","@id":"https:\/\/www.megafly.it\/en\/prodotto\/the-copper-green\/#breadcrumb","itemListElement":[{"@type":"ListItem","position":1,"name":"Home","item":"https:\/\/www.megafly.it\/en\/home\/"},{"@type":"ListItem","position":2,"name":"Products","item":"https:\/\/www.megafly.it\/en\/products\/"},{"@type":"ListItem","position":3,"name":"THE COPPER &amp; GREEN"}]},{"@type":"WebSite","@id":"https:\/\/www.megafly.it\/#website","url":"https:\/\/www.megafly.it\/","name":"Megafly","description":"","potentialAction":[{"@type":"SearchAction","target":{"@type":"EntryPoint","urlTemplate":"https:\/\/www.megafly.it\/?s={search_term_string}"},"query-input":{"@type":"PropertyValueSpecification","valueRequired":true,"valueName":"search_term_string"}}],"inLanguage":"en-US"}]}},"_links":{"self":[{"href":"https:\/\/www.megafly.it\/en\/wp-json\/wp\/v2\/product\/11054","targetHints":{"allow":["GET"]}}],"collection":[{"href":"https:\/\/www.megafly.it\/en\/wp-json\/wp\/v2\/product"}],"about":[{"href":"https:\/\/www.megafly.it\/en\/wp-json\/wp\/v2\/types\/product"}],"wp:featuredmedia":[{"embeddable":true,"href":"https:\/\/www.megafly.it\/en\/wp-json\/wp\/v2\/media\/11057"}],"wp:attachment":[{"href":"https:\/\/www.megafly.it\/en\/wp-json\/wp\/v2\/media?parent=11054"}],"wp:term":[{"taxonomy":"product_brand","embeddable":true,"href":"https:\/\/www.megafly.it\/en\/wp-json\/wp\/v2\/product_brand?post=11054"},{"taxonomy":"product_cat","embeddable":true,"href":"https:\/\/www.megafly.it\/en\/wp-json\/wp\/v2\/product_cat?post=11054"},{"taxonomy":"product_tag","embeddable":true,"href":"https:\/\/www.megafly.it\/en\/wp-json\/wp\/v2\/product_tag?post=11054"}],"curies":[{"name":"wp","href":"https:\/\/api.w.org\/{rel}","templated":true}]}}