{"id":11063,"date":"2025-02-12T09:05:02","date_gmt":"2025-02-12T08:05:02","guid":{"rendered":"https:\/\/www.megafly.it\/prodotto\/the-grey-blue\/"},"modified":"2025-11-27T11:59:46","modified_gmt":"2025-11-27T10:59:46","slug":"the-grey-blue","status":"publish","type":"product","link":"https:\/\/www.megafly.it\/en\/prodotto\/the-grey-blue\/","title":{"rendered":"THE GREY &amp; BLUE"},"content":{"rendered":"<p>Bo\u0161tjan Jakopi\u010d&#8217;s Grey &amp; Blue is a deadly nymph in effectiveness and versatility, capable of adapting to many fishing situations. The light gray natural shade body perfectly mimics a wide range of aquatic insects, while the UV blue collar adds a discreet but irresistible point of attraction. This balanced mix of realism and visual appeal makes the Grey &amp; Blue a real must-have in every nymph angler&#8217;s fly box. An artificial that immediately enters the fishery and knows how to convince even the most suspicious fish, whether in clear or slightly cloudy waters.   <\/p>\n<p>We are proud to present the series of nymphs made for Megafly by Bo\u0161tjan Jakopi\u010d. A professional fishing guide and builder of European renown, Bo\u0161tjan creates essential, technically flawless and extremely effective artificials. Simply put: true &#8220;fishing flies,&#8221; capable of making a difference in many situations.  <\/p>\n<p><img loading=\"lazy\" decoding=\"async\" src=\"https:\/\/www.megafly.it\/wp-content\/uploads\/2025\/02\/PHOTO-2025-09-28-12-26-13.jpg\" alt=\"\" width=\"1600\" height=\"1296\" class=\"alignnone size-full wp-image-10115\"><\/p>\n","protected":false},"excerpt":{"rendered":"<p>Bo\u0161tjan Jakopi\u010d&#8217;s Grey &amp; Blue is a deadly nymph in effectiveness and versatility, capable of adapting to many fishing situations. The light gray natural shade body perfectly mimics a wide range of aquatic insects, while the UV blue collar adds a discreet but irresistible point of attraction. This balanced mix of realism and visual appeal [&hellip;]<\/p>\n","protected":false},"featured_media":11065,"template":"","meta":{"_acf_changed":false},"product_brand":[],"product_cat":[1942,1945],"product_tag":[1946,1947,1949,1951,1963],"class_list":{"0":"post-11063","1":"product","2":"type-product","3":"status-publish","4":"has-post-thumbnail","6":"product_cat-flies","7":"product_cat-ninfe","8":"product_tag-ninfa","9":"product_tag-bostjan-jakopic","10":"product_tag-fishing-artificials","11":"product_tag-nymph-flies","12":"product_tag-grey-blue","14":"first","15":"instock","16":"taxable","17":"shipping-taxable","18":"purchasable","19":"product-type-variable"},"acf":[],"yoast_head":"<!-- This site is optimized with the Yoast SEO plugin v26.1.1 - https:\/\/yoast.com\/wordpress\/plugins\/seo\/ -->\n<title>THE GREY &amp; BLUE - Megafly<\/title>\n<meta name=\"description\" content=\"Ninfa Grey &amp; Blue by Bo\u0161tjan Jakopi\u010d for Megafly: natural body and UV blue collar, an irresistible combination that is always effective in all conditions.\" \/>\n<meta name=\"robots\" content=\"index, follow, max-snippet:-1, max-image-preview:large, max-video-preview:-1\" \/>\n<link rel=\"canonical\" href=\"https:\/\/www.megafly.it\/en\/prodotto\/the-grey-blue\/\" \/>\n<meta property=\"og:locale\" content=\"en_US\" \/>\n<meta property=\"og:type\" content=\"article\" \/>\n<meta property=\"og:title\" content=\"THE GREY &amp; BLUE - Megafly\" \/>\n<meta property=\"og:description\" content=\"Ninfa Grey &amp; Blue by Bo\u0161tjan Jakopi\u010d for Megafly: natural body and UV blue collar, an irresistible combination that is always effective in all conditions.\" \/>\n<meta property=\"og:url\" content=\"https:\/\/www.megafly.it\/en\/prodotto\/the-grey-blue\/\" \/>\n<meta property=\"og:site_name\" content=\"Megafly\" \/>\n<meta property=\"article:modified_time\" content=\"2025-11-27T10:59:46+00:00\" \/>\n<meta property=\"og:image\" content=\"https:\/\/www.megafly.it\/wp-content\/uploads\/2025\/02\/23to_gb.jpg\" \/>\n\t<meta property=\"og:image:width\" content=\"1201\" \/>\n\t<meta property=\"og:image:height\" content=\"778\" \/>\n\t<meta property=\"og:image:type\" content=\"image\/jpeg\" \/>\n<meta name=\"twitter:card\" content=\"summary_large_image\" \/>\n<meta name=\"twitter:label1\" content=\"Est. reading time\" \/>\n\t<meta name=\"twitter:data1\" content=\"1 minute\" \/>\n<script type=\"application\/ld+json\" class=\"yoast-schema-graph\">{\"@context\":\"https:\/\/schema.org\",\"@graph\":[{\"@type\":\"WebPage\",\"@id\":\"https:\/\/www.megafly.it\/en\/prodotto\/the-grey-blue\/\",\"url\":\"https:\/\/www.megafly.it\/en\/prodotto\/the-grey-blue\/\",\"name\":\"THE GREY &amp; BLUE - Megafly\",\"isPartOf\":{\"@id\":\"https:\/\/www.megafly.it\/#website\"},\"primaryImageOfPage\":{\"@id\":\"https:\/\/www.megafly.it\/en\/prodotto\/the-grey-blue\/#primaryimage\"},\"image\":{\"@id\":\"https:\/\/www.megafly.it\/en\/prodotto\/the-grey-blue\/#primaryimage\"},\"thumbnailUrl\":\"https:\/\/www.megafly.it\/wp-content\/uploads\/2025\/02\/23to_gb.jpg\",\"datePublished\":\"2025-02-12T08:05:02+00:00\",\"dateModified\":\"2025-11-27T10:59:46+00:00\",\"description\":\"Ninfa Grey & Blue by Bo\u0161tjan Jakopi\u010d for Megafly: natural body and UV blue collar, an irresistible combination that is always effective in all conditions.\",\"breadcrumb\":{\"@id\":\"https:\/\/www.megafly.it\/en\/prodotto\/the-grey-blue\/#breadcrumb\"},\"inLanguage\":\"en-US\",\"potentialAction\":[{\"@type\":\"ReadAction\",\"target\":[\"https:\/\/www.megafly.it\/en\/prodotto\/the-grey-blue\/\"]}]},{\"@type\":\"ImageObject\",\"inLanguage\":\"en-US\",\"@id\":\"https:\/\/www.megafly.it\/en\/prodotto\/the-grey-blue\/#primaryimage\",\"url\":\"https:\/\/www.megafly.it\/wp-content\/uploads\/2025\/02\/23to_gb.jpg\",\"contentUrl\":\"https:\/\/www.megafly.it\/wp-content\/uploads\/2025\/02\/23to_gb.jpg\",\"width\":1201,\"height\":778,\"caption\":\"Gray and blue nymph jig with tungsten head for fly fishing\"},{\"@type\":\"BreadcrumbList\",\"@id\":\"https:\/\/www.megafly.it\/en\/prodotto\/the-grey-blue\/#breadcrumb\",\"itemListElement\":[{\"@type\":\"ListItem\",\"position\":1,\"name\":\"Home\",\"item\":\"https:\/\/www.megafly.it\/en\/home\/\"},{\"@type\":\"ListItem\",\"position\":2,\"name\":\"Products\",\"item\":\"https:\/\/www.megafly.it\/en\/products\/\"},{\"@type\":\"ListItem\",\"position\":3,\"name\":\"THE GREY &amp; BLUE\"}]},{\"@type\":\"WebSite\",\"@id\":\"https:\/\/www.megafly.it\/#website\",\"url\":\"https:\/\/www.megafly.it\/\",\"name\":\"Megafly\",\"description\":\"\",\"potentialAction\":[{\"@type\":\"SearchAction\",\"target\":{\"@type\":\"EntryPoint\",\"urlTemplate\":\"https:\/\/www.megafly.it\/?s={search_term_string}\"},\"query-input\":{\"@type\":\"PropertyValueSpecification\",\"valueRequired\":true,\"valueName\":\"search_term_string\"}}],\"inLanguage\":\"en-US\"}]}<\/script>\n<!-- \/ Yoast SEO plugin. -->","yoast_head_json":{"title":"THE GREY &amp; BLUE - Megafly","description":"Ninfa Grey & Blue by Bo\u0161tjan Jakopi\u010d for Megafly: natural body and UV blue collar, an irresistible combination that is always effective in all conditions.","robots":{"index":"index","follow":"follow","max-snippet":"max-snippet:-1","max-image-preview":"max-image-preview:large","max-video-preview":"max-video-preview:-1"},"canonical":"https:\/\/www.megafly.it\/en\/prodotto\/the-grey-blue\/","og_locale":"en_US","og_type":"article","og_title":"THE GREY &amp; BLUE - Megafly","og_description":"Ninfa Grey & Blue by Bo\u0161tjan Jakopi\u010d for Megafly: natural body and UV blue collar, an irresistible combination that is always effective in all conditions.","og_url":"https:\/\/www.megafly.it\/en\/prodotto\/the-grey-blue\/","og_site_name":"Megafly","article_modified_time":"2025-11-27T10:59:46+00:00","og_image":[{"width":1201,"height":778,"url":"https:\/\/www.megafly.it\/wp-content\/uploads\/2025\/02\/23to_gb.jpg","type":"image\/jpeg"}],"twitter_card":"summary_large_image","twitter_misc":{"Est. reading time":"1 minute"},"schema":{"@context":"https:\/\/schema.org","@graph":[{"@type":"WebPage","@id":"https:\/\/www.megafly.it\/en\/prodotto\/the-grey-blue\/","url":"https:\/\/www.megafly.it\/en\/prodotto\/the-grey-blue\/","name":"THE GREY &amp; BLUE - Megafly","isPartOf":{"@id":"https:\/\/www.megafly.it\/#website"},"primaryImageOfPage":{"@id":"https:\/\/www.megafly.it\/en\/prodotto\/the-grey-blue\/#primaryimage"},"image":{"@id":"https:\/\/www.megafly.it\/en\/prodotto\/the-grey-blue\/#primaryimage"},"thumbnailUrl":"https:\/\/www.megafly.it\/wp-content\/uploads\/2025\/02\/23to_gb.jpg","datePublished":"2025-02-12T08:05:02+00:00","dateModified":"2025-11-27T10:59:46+00:00","description":"Ninfa Grey & Blue by Bo\u0161tjan Jakopi\u010d for Megafly: natural body and UV blue collar, an irresistible combination that is always effective in all conditions.","breadcrumb":{"@id":"https:\/\/www.megafly.it\/en\/prodotto\/the-grey-blue\/#breadcrumb"},"inLanguage":"en-US","potentialAction":[{"@type":"ReadAction","target":["https:\/\/www.megafly.it\/en\/prodotto\/the-grey-blue\/"]}]},{"@type":"ImageObject","inLanguage":"en-US","@id":"https:\/\/www.megafly.it\/en\/prodotto\/the-grey-blue\/#primaryimage","url":"https:\/\/www.megafly.it\/wp-content\/uploads\/2025\/02\/23to_gb.jpg","contentUrl":"https:\/\/www.megafly.it\/wp-content\/uploads\/2025\/02\/23to_gb.jpg","width":1201,"height":778,"caption":"Gray and blue nymph jig with tungsten head for fly fishing"},{"@type":"BreadcrumbList","@id":"https:\/\/www.megafly.it\/en\/prodotto\/the-grey-blue\/#breadcrumb","itemListElement":[{"@type":"ListItem","position":1,"name":"Home","item":"https:\/\/www.megafly.it\/en\/home\/"},{"@type":"ListItem","position":2,"name":"Products","item":"https:\/\/www.megafly.it\/en\/products\/"},{"@type":"ListItem","position":3,"name":"THE GREY &amp; BLUE"}]},{"@type":"WebSite","@id":"https:\/\/www.megafly.it\/#website","url":"https:\/\/www.megafly.it\/","name":"Megafly","description":"","potentialAction":[{"@type":"SearchAction","target":{"@type":"EntryPoint","urlTemplate":"https:\/\/www.megafly.it\/?s={search_term_string}"},"query-input":{"@type":"PropertyValueSpecification","valueRequired":true,"valueName":"search_term_string"}}],"inLanguage":"en-US"}]}},"_links":{"self":[{"href":"https:\/\/www.megafly.it\/en\/wp-json\/wp\/v2\/product\/11063","targetHints":{"allow":["GET"]}}],"collection":[{"href":"https:\/\/www.megafly.it\/en\/wp-json\/wp\/v2\/product"}],"about":[{"href":"https:\/\/www.megafly.it\/en\/wp-json\/wp\/v2\/types\/product"}],"wp:featuredmedia":[{"embeddable":true,"href":"https:\/\/www.megafly.it\/en\/wp-json\/wp\/v2\/media\/11065"}],"wp:attachment":[{"href":"https:\/\/www.megafly.it\/en\/wp-json\/wp\/v2\/media?parent=11063"}],"wp:term":[{"taxonomy":"product_brand","embeddable":true,"href":"https:\/\/www.megafly.it\/en\/wp-json\/wp\/v2\/product_brand?post=11063"},{"taxonomy":"product_cat","embeddable":true,"href":"https:\/\/www.megafly.it\/en\/wp-json\/wp\/v2\/product_cat?post=11063"},{"taxonomy":"product_tag","embeddable":true,"href":"https:\/\/www.megafly.it\/en\/wp-json\/wp\/v2\/product_tag?post=11063"}],"curies":[{"name":"wp","href":"https:\/\/api.w.org\/{rel}","templated":true}]}}