{"id":11074,"date":"2025-02-12T09:05:08","date_gmt":"2025-02-12T08:05:08","guid":{"rendered":"https:\/\/www.megafly.it\/prodotto\/the-supernatural-16\/"},"modified":"2025-11-27T12:04:15","modified_gmt":"2025-11-27T11:04:15","slug":"the-supernatural-16","status":"publish","type":"product","link":"https:\/\/www.megafly.it\/en\/prodotto\/the-supernatural-16\/","title":{"rendered":"THE SUPERNATURAL #16"},"content":{"rendered":"<p>Bo\u0161tjan Jakopi\u010d&#8217;s Supernatural is a nymph offered in a single size, designed to offer maximum credibility in the water. The extremely natural coloration and the essential but refined dressing make it a perfect artificial even for sight fishing, where every detail must look flawless. It is a fly capable of fooling even the most suspicious fish thanks to its understated and realistic appearance, combining simplicity and effectiveness in a surprising way. The Supernatural is the ideal choice when you need an artificial that conveys total naturalness, without concessions to color excesses.   <\/p>\n<p>We are proud to present the series of nymphs made for Megafly by Bo\u0161tjan Jakopi\u010d. A professional fishing guide and builder of European renown, Bo\u0161tjan creates essential, technically flawless and extremely effective artificials. Simply put: true &#8220;fishing flies,&#8221; capable of making a difference in many situations.  <\/p>\n<p><img loading=\"lazy\" decoding=\"async\" src=\"https:\/\/www.megafly.it\/wp-content\/uploads\/2025\/02\/PHOTO-2025-09-28-12-26-13.jpg\" alt=\"\" width=\"1600\" height=\"1296\" class=\"alignnone size-full wp-image-10115\"><\/p>\n","protected":false},"excerpt":{"rendered":"<p>Bo\u0161tjan Jakopi\u010d&#8217;s Supernatural is a nymph offered in a single size, designed to offer maximum credibility in the water. The extremely natural coloration and the essential but refined dressing make it a perfect artificial even for sight fishing, where every detail must look flawless. It is a fly capable of fooling even the most suspicious [&hellip;]<\/p>\n","protected":false},"featured_media":11075,"template":"","meta":{"_acf_changed":false},"product_brand":[],"product_cat":[1942,1945],"product_tag":[1946,1947,1949,1951,1969],"class_list":{"0":"post-11074","1":"product","2":"type-product","3":"status-publish","4":"has-post-thumbnail","6":"product_cat-flies","7":"product_cat-ninfe","8":"product_tag-ninfa","9":"product_tag-bostjan-jakopic","10":"product_tag-fishing-artificials","11":"product_tag-nymph-flies","12":"product_tag-supernatural","14":"first","15":"instock","16":"taxable","17":"shipping-taxable","18":"purchasable","19":"product-type-variable"},"acf":[],"yoast_head":"<!-- This site is optimized with the Yoast SEO plugin v26.1.1 - https:\/\/yoast.com\/wordpress\/plugins\/seo\/ -->\n<title>THE SUPERNATURAL #16 - Megafly<\/title>\n<meta name=\"description\" content=\"Supernatural nymph by Bo\u0161tjan Jakopi\u010d for Megafly: natural coloring, perfect even on sight, credible dressing to bait the most wary fish.\" \/>\n<meta name=\"robots\" content=\"index, follow, max-snippet:-1, max-image-preview:large, max-video-preview:-1\" \/>\n<link rel=\"canonical\" href=\"https:\/\/www.megafly.it\/en\/prodotto\/the-supernatural-16\/\" \/>\n<meta property=\"og:locale\" content=\"en_US\" \/>\n<meta property=\"og:type\" content=\"article\" \/>\n<meta property=\"og:title\" content=\"THE SUPERNATURAL #16 - Megafly\" \/>\n<meta property=\"og:description\" content=\"Supernatural nymph by Bo\u0161tjan Jakopi\u010d for Megafly: natural coloring, perfect even on sight, credible dressing to bait the most wary fish.\" \/>\n<meta property=\"og:url\" content=\"https:\/\/www.megafly.it\/en\/prodotto\/the-supernatural-16\/\" \/>\n<meta property=\"og:site_name\" content=\"Megafly\" \/>\n<meta property=\"article:modified_time\" content=\"2025-11-27T11:04:15+00:00\" \/>\n<meta property=\"og:image\" content=\"https:\/\/www.megafly.it\/wp-content\/uploads\/2025\/02\/TO_SUPERNATURAL-scaled.jpg\" \/>\n\t<meta property=\"og:image:width\" content=\"6016\" \/>\n\t<meta property=\"og:image:height\" content=\"4000\" \/>\n\t<meta property=\"og:image:type\" content=\"image\/jpeg\" \/>\n<meta name=\"twitter:card\" content=\"summary_large_image\" \/>\n<meta name=\"twitter:label1\" content=\"Est. reading time\" \/>\n\t<meta name=\"twitter:data1\" content=\"1 minute\" \/>\n<script type=\"application\/ld+json\" class=\"yoast-schema-graph\">{\"@context\":\"https:\/\/schema.org\",\"@graph\":[{\"@type\":\"WebPage\",\"@id\":\"https:\/\/www.megafly.it\/en\/prodotto\/the-supernatural-16\/\",\"url\":\"https:\/\/www.megafly.it\/en\/prodotto\/the-supernatural-16\/\",\"name\":\"THE SUPERNATURAL #16 - Megafly\",\"isPartOf\":{\"@id\":\"https:\/\/www.megafly.it\/#website\"},\"primaryImageOfPage\":{\"@id\":\"https:\/\/www.megafly.it\/en\/prodotto\/the-supernatural-16\/#primaryimage\"},\"image\":{\"@id\":\"https:\/\/www.megafly.it\/en\/prodotto\/the-supernatural-16\/#primaryimage\"},\"thumbnailUrl\":\"https:\/\/www.megafly.it\/wp-content\/uploads\/2025\/02\/TO_SUPERNATURAL-scaled.jpg\",\"datePublished\":\"2025-02-12T08:05:08+00:00\",\"dateModified\":\"2025-11-27T11:04:15+00:00\",\"description\":\"Supernatural nymph by Bo\u0161tjan Jakopi\u010d for Megafly: natural coloring, perfect even on sight, credible dressing to bait the most wary fish.\",\"breadcrumb\":{\"@id\":\"https:\/\/www.megafly.it\/en\/prodotto\/the-supernatural-16\/#breadcrumb\"},\"inLanguage\":\"en-US\",\"potentialAction\":[{\"@type\":\"ReadAction\",\"target\":[\"https:\/\/www.megafly.it\/en\/prodotto\/the-supernatural-16\/\"]}]},{\"@type\":\"ImageObject\",\"inLanguage\":\"en-US\",\"@id\":\"https:\/\/www.megafly.it\/en\/prodotto\/the-supernatural-16\/#primaryimage\",\"url\":\"https:\/\/www.megafly.it\/wp-content\/uploads\/2025\/02\/TO_SUPERNATURAL-scaled.jpg\",\"contentUrl\":\"https:\/\/www.megafly.it\/wp-content\/uploads\/2025\/02\/TO_SUPERNATURAL-scaled.jpg\",\"width\":6016,\"height\":4000,\"caption\":\"Supernatural nymph jig with tungsten head for fly fishing\"},{\"@type\":\"BreadcrumbList\",\"@id\":\"https:\/\/www.megafly.it\/en\/prodotto\/the-supernatural-16\/#breadcrumb\",\"itemListElement\":[{\"@type\":\"ListItem\",\"position\":1,\"name\":\"Home\",\"item\":\"https:\/\/www.megafly.it\/en\/home\/\"},{\"@type\":\"ListItem\",\"position\":2,\"name\":\"Products\",\"item\":\"https:\/\/www.megafly.it\/en\/products\/\"},{\"@type\":\"ListItem\",\"position\":3,\"name\":\"THE SUPERNATURAL #16\"}]},{\"@type\":\"WebSite\",\"@id\":\"https:\/\/www.megafly.it\/#website\",\"url\":\"https:\/\/www.megafly.it\/\",\"name\":\"Megafly\",\"description\":\"\",\"potentialAction\":[{\"@type\":\"SearchAction\",\"target\":{\"@type\":\"EntryPoint\",\"urlTemplate\":\"https:\/\/www.megafly.it\/?s={search_term_string}\"},\"query-input\":{\"@type\":\"PropertyValueSpecification\",\"valueRequired\":true,\"valueName\":\"search_term_string\"}}],\"inLanguage\":\"en-US\"}]}<\/script>\n<!-- \/ Yoast SEO plugin. -->","yoast_head_json":{"title":"THE SUPERNATURAL #16 - Megafly","description":"Supernatural nymph by Bo\u0161tjan Jakopi\u010d for Megafly: natural coloring, perfect even on sight, credible dressing to bait the most wary fish.","robots":{"index":"index","follow":"follow","max-snippet":"max-snippet:-1","max-image-preview":"max-image-preview:large","max-video-preview":"max-video-preview:-1"},"canonical":"https:\/\/www.megafly.it\/en\/prodotto\/the-supernatural-16\/","og_locale":"en_US","og_type":"article","og_title":"THE SUPERNATURAL #16 - Megafly","og_description":"Supernatural nymph by Bo\u0161tjan Jakopi\u010d for Megafly: natural coloring, perfect even on sight, credible dressing to bait the most wary fish.","og_url":"https:\/\/www.megafly.it\/en\/prodotto\/the-supernatural-16\/","og_site_name":"Megafly","article_modified_time":"2025-11-27T11:04:15+00:00","og_image":[{"width":6016,"height":4000,"url":"https:\/\/www.megafly.it\/wp-content\/uploads\/2025\/02\/TO_SUPERNATURAL-scaled.jpg","type":"image\/jpeg"}],"twitter_card":"summary_large_image","twitter_misc":{"Est. reading time":"1 minute"},"schema":{"@context":"https:\/\/schema.org","@graph":[{"@type":"WebPage","@id":"https:\/\/www.megafly.it\/en\/prodotto\/the-supernatural-16\/","url":"https:\/\/www.megafly.it\/en\/prodotto\/the-supernatural-16\/","name":"THE SUPERNATURAL #16 - Megafly","isPartOf":{"@id":"https:\/\/www.megafly.it\/#website"},"primaryImageOfPage":{"@id":"https:\/\/www.megafly.it\/en\/prodotto\/the-supernatural-16\/#primaryimage"},"image":{"@id":"https:\/\/www.megafly.it\/en\/prodotto\/the-supernatural-16\/#primaryimage"},"thumbnailUrl":"https:\/\/www.megafly.it\/wp-content\/uploads\/2025\/02\/TO_SUPERNATURAL-scaled.jpg","datePublished":"2025-02-12T08:05:08+00:00","dateModified":"2025-11-27T11:04:15+00:00","description":"Supernatural nymph by Bo\u0161tjan Jakopi\u010d for Megafly: natural coloring, perfect even on sight, credible dressing to bait the most wary fish.","breadcrumb":{"@id":"https:\/\/www.megafly.it\/en\/prodotto\/the-supernatural-16\/#breadcrumb"},"inLanguage":"en-US","potentialAction":[{"@type":"ReadAction","target":["https:\/\/www.megafly.it\/en\/prodotto\/the-supernatural-16\/"]}]},{"@type":"ImageObject","inLanguage":"en-US","@id":"https:\/\/www.megafly.it\/en\/prodotto\/the-supernatural-16\/#primaryimage","url":"https:\/\/www.megafly.it\/wp-content\/uploads\/2025\/02\/TO_SUPERNATURAL-scaled.jpg","contentUrl":"https:\/\/www.megafly.it\/wp-content\/uploads\/2025\/02\/TO_SUPERNATURAL-scaled.jpg","width":6016,"height":4000,"caption":"Supernatural nymph jig with tungsten head for fly fishing"},{"@type":"BreadcrumbList","@id":"https:\/\/www.megafly.it\/en\/prodotto\/the-supernatural-16\/#breadcrumb","itemListElement":[{"@type":"ListItem","position":1,"name":"Home","item":"https:\/\/www.megafly.it\/en\/home\/"},{"@type":"ListItem","position":2,"name":"Products","item":"https:\/\/www.megafly.it\/en\/products\/"},{"@type":"ListItem","position":3,"name":"THE SUPERNATURAL #16"}]},{"@type":"WebSite","@id":"https:\/\/www.megafly.it\/#website","url":"https:\/\/www.megafly.it\/","name":"Megafly","description":"","potentialAction":[{"@type":"SearchAction","target":{"@type":"EntryPoint","urlTemplate":"https:\/\/www.megafly.it\/?s={search_term_string}"},"query-input":{"@type":"PropertyValueSpecification","valueRequired":true,"valueName":"search_term_string"}}],"inLanguage":"en-US"}]}},"_links":{"self":[{"href":"https:\/\/www.megafly.it\/en\/wp-json\/wp\/v2\/product\/11074","targetHints":{"allow":["GET"]}}],"collection":[{"href":"https:\/\/www.megafly.it\/en\/wp-json\/wp\/v2\/product"}],"about":[{"href":"https:\/\/www.megafly.it\/en\/wp-json\/wp\/v2\/types\/product"}],"wp:featuredmedia":[{"embeddable":true,"href":"https:\/\/www.megafly.it\/en\/wp-json\/wp\/v2\/media\/11075"}],"wp:attachment":[{"href":"https:\/\/www.megafly.it\/en\/wp-json\/wp\/v2\/media?parent=11074"}],"wp:term":[{"taxonomy":"product_brand","embeddable":true,"href":"https:\/\/www.megafly.it\/en\/wp-json\/wp\/v2\/product_brand?post=11074"},{"taxonomy":"product_cat","embeddable":true,"href":"https:\/\/www.megafly.it\/en\/wp-json\/wp\/v2\/product_cat?post=11074"},{"taxonomy":"product_tag","embeddable":true,"href":"https:\/\/www.megafly.it\/en\/wp-json\/wp\/v2\/product_tag?post=11074"}],"curies":[{"name":"wp","href":"https:\/\/api.w.org\/{rel}","templated":true}]}}