{"id":11540,"date":"2025-02-12T09:08:36","date_gmt":"2025-02-12T08:08:36","guid":{"rendered":"https:\/\/www.megafly.it\/prodotto\/fishing-guides-by-bostjan-jakopic\/"},"modified":"2025-11-27T10:00:54","modified_gmt":"2025-11-27T09:00:54","slug":"fishing-guides-by-bostjan-jakopic","status":"publish","type":"product","link":"https:\/\/www.megafly.it\/en\/prodotto\/fishing-guides-by-bostjan-jakopic\/","title":{"rendered":"FISHING GUIDES by Bo\u0161tjan Jakopi\u010d"},"content":{"rendered":"<p>Bo\u0161tjan Jakopi\u010d is a professional Slovenian guide, a profound connoisseur of the rivers that flow through the Idrijca and So\u010da (Soca) valleys. With in-depth knowledge of the area and its crystal-clear waters, Bo\u0161tjan is able to accompany fly fishers to discover unique places populated by trout and grayling of rare beauty.<br \/>\nHis passion for fishing and his professional approach extend beyond Slovenian borders. In fact, Bo\u0161tjan organizes exclusive fishing trips in Bosnia and Croatia as well, offering customized experiences in some of the most fascinating destinations in the Balkans.<br \/>\nRelying on his care means experiencing fishing as an unforgettable adventure, enriched by an authentic experience and an expert guide who will know how to make every outing special.<\/p>\n","protected":false},"excerpt":{"rendered":"<p>Bo\u0161tjan Jakopi\u010d is a professional Slovenian guide, a profound connoisseur of the rivers that flow through the Idrijca and So\u010da (Soca) valleys. With in-depth knowledge of the area and its crystal-clear waters, Bo\u0161tjan is able to accompany fly fishers to discover unique places populated by trout and grayling of rare beauty. His passion for fishing [&hellip;]<\/p>\n","protected":false},"featured_media":18214,"template":"","meta":{"_acf_changed":false},"product_brand":[],"product_cat":[2508,2488],"product_tag":[2144,2917,2923],"class_list":{"0":"post-11540","1":"product","2":"type-product","3":"status-publish","4":"has-post-thumbnail","6":"product_cat-fishing-guides","7":"product_cat-fishing-courses-guides","8":"product_tag-fly-fishing","9":"product_tag-temolo","10":"product_tag-brown-trout","12":"first","13":"instock","14":"taxable","15":"shipping-taxable","16":"product-type-simple"},"acf":[],"yoast_head":"<!-- This site is optimized with the Yoast SEO plugin v26.1.1 - https:\/\/yoast.com\/wordpress\/plugins\/seo\/ -->\n<title>FISHING GUIDES by Bo\u0161tjan Jakopi\u010d - Megafly<\/title>\n<meta name=\"robots\" content=\"index, follow, max-snippet:-1, max-image-preview:large, max-video-preview:-1\" \/>\n<link rel=\"canonical\" href=\"https:\/\/www.megafly.it\/en\/prodotto\/fishing-guides-by-bostjan-jakopic\/\" \/>\n<meta property=\"og:locale\" content=\"en_US\" \/>\n<meta property=\"og:type\" content=\"article\" \/>\n<meta property=\"og:title\" content=\"FISHING GUIDES by Bo\u0161tjan Jakopi\u010d - Megafly\" \/>\n<meta property=\"og:description\" content=\"Bo\u0161tjan Jakopi\u010d is a professional Slovenian guide, a profound connoisseur of the rivers that flow through the Idrijca and So\u010da (Soca) valleys. With in-depth knowledge of the area and its crystal-clear waters, Bo\u0161tjan is able to accompany fly fishers to discover unique places populated by trout and grayling of rare beauty. His passion for fishing [&hellip;]\" \/>\n<meta property=\"og:url\" content=\"https:\/\/www.megafly.it\/en\/prodotto\/fishing-guides-by-bostjan-jakopic\/\" \/>\n<meta property=\"og:site_name\" content=\"Megafly\" \/>\n<meta property=\"article:modified_time\" content=\"2025-11-27T09:00:54+00:00\" \/>\n<meta name=\"twitter:card\" content=\"summary_large_image\" \/>\n<meta name=\"twitter:label1\" content=\"Est. reading time\" \/>\n\t<meta name=\"twitter:data1\" content=\"1 minute\" \/>\n<script type=\"application\/ld+json\" class=\"yoast-schema-graph\">{\"@context\":\"https:\/\/schema.org\",\"@graph\":[{\"@type\":\"WebPage\",\"@id\":\"https:\/\/www.megafly.it\/en\/prodotto\/fishing-guides-by-bostjan-jakopic\/\",\"url\":\"https:\/\/www.megafly.it\/en\/prodotto\/fishing-guides-by-bostjan-jakopic\/\",\"name\":\"FISHING GUIDES by Bo\u0161tjan Jakopi\u010d - Megafly\",\"isPartOf\":{\"@id\":\"https:\/\/www.megafly.it\/#website\"},\"primaryImageOfPage\":{\"@id\":\"https:\/\/www.megafly.it\/en\/prodotto\/fishing-guides-by-bostjan-jakopic\/#primaryimage\"},\"image\":{\"@id\":\"https:\/\/www.megafly.it\/en\/prodotto\/fishing-guides-by-bostjan-jakopic\/#primaryimage\"},\"thumbnailUrl\":\"https:\/\/www.megafly.it\/wp-content\/uploads\/2025\/02\/Bostjan-jacopic.jpg\",\"datePublished\":\"2025-02-12T08:08:36+00:00\",\"dateModified\":\"2025-11-27T09:00:54+00:00\",\"breadcrumb\":{\"@id\":\"https:\/\/www.megafly.it\/en\/prodotto\/fishing-guides-by-bostjan-jakopic\/#breadcrumb\"},\"inLanguage\":\"en-US\",\"potentialAction\":[{\"@type\":\"ReadAction\",\"target\":[\"https:\/\/www.megafly.it\/en\/prodotto\/fishing-guides-by-bostjan-jakopic\/\"]}]},{\"@type\":\"ImageObject\",\"inLanguage\":\"en-US\",\"@id\":\"https:\/\/www.megafly.it\/en\/prodotto\/fishing-guides-by-bostjan-jakopic\/#primaryimage\",\"url\":\"https:\/\/www.megafly.it\/wp-content\/uploads\/2025\/02\/Bostjan-jacopic.jpg\",\"contentUrl\":\"https:\/\/www.megafly.it\/wp-content\/uploads\/2025\/02\/Bostjan-jacopic.jpg\",\"width\":1816,\"height\":1240,\"caption\":\"Bostjan jacopic\"},{\"@type\":\"BreadcrumbList\",\"@id\":\"https:\/\/www.megafly.it\/en\/prodotto\/fishing-guides-by-bostjan-jakopic\/#breadcrumb\",\"itemListElement\":[{\"@type\":\"ListItem\",\"position\":1,\"name\":\"Home\",\"item\":\"https:\/\/www.megafly.it\/en\/home\/\"},{\"@type\":\"ListItem\",\"position\":2,\"name\":\"Products\",\"item\":\"https:\/\/www.megafly.it\/en\/products\/\"},{\"@type\":\"ListItem\",\"position\":3,\"name\":\"FISHING GUIDES by Bo\u0161tjan Jakopi\u010d\"}]},{\"@type\":\"WebSite\",\"@id\":\"https:\/\/www.megafly.it\/#website\",\"url\":\"https:\/\/www.megafly.it\/\",\"name\":\"Megafly\",\"description\":\"\",\"potentialAction\":[{\"@type\":\"SearchAction\",\"target\":{\"@type\":\"EntryPoint\",\"urlTemplate\":\"https:\/\/www.megafly.it\/?s={search_term_string}\"},\"query-input\":{\"@type\":\"PropertyValueSpecification\",\"valueRequired\":true,\"valueName\":\"search_term_string\"}}],\"inLanguage\":\"en-US\"}]}<\/script>\n<!-- \/ Yoast SEO plugin. -->","yoast_head_json":{"title":"FISHING GUIDES by Bo\u0161tjan Jakopi\u010d - Megafly","robots":{"index":"index","follow":"follow","max-snippet":"max-snippet:-1","max-image-preview":"max-image-preview:large","max-video-preview":"max-video-preview:-1"},"canonical":"https:\/\/www.megafly.it\/en\/prodotto\/fishing-guides-by-bostjan-jakopic\/","og_locale":"en_US","og_type":"article","og_title":"FISHING GUIDES by Bo\u0161tjan Jakopi\u010d - Megafly","og_description":"Bo\u0161tjan Jakopi\u010d is a professional Slovenian guide, a profound connoisseur of the rivers that flow through the Idrijca and So\u010da (Soca) valleys. With in-depth knowledge of the area and its crystal-clear waters, Bo\u0161tjan is able to accompany fly fishers to discover unique places populated by trout and grayling of rare beauty. His passion for fishing [&hellip;]","og_url":"https:\/\/www.megafly.it\/en\/prodotto\/fishing-guides-by-bostjan-jakopic\/","og_site_name":"Megafly","article_modified_time":"2025-11-27T09:00:54+00:00","twitter_card":"summary_large_image","twitter_misc":{"Est. reading time":"1 minute"},"schema":{"@context":"https:\/\/schema.org","@graph":[{"@type":"WebPage","@id":"https:\/\/www.megafly.it\/en\/prodotto\/fishing-guides-by-bostjan-jakopic\/","url":"https:\/\/www.megafly.it\/en\/prodotto\/fishing-guides-by-bostjan-jakopic\/","name":"FISHING GUIDES by Bo\u0161tjan Jakopi\u010d - Megafly","isPartOf":{"@id":"https:\/\/www.megafly.it\/#website"},"primaryImageOfPage":{"@id":"https:\/\/www.megafly.it\/en\/prodotto\/fishing-guides-by-bostjan-jakopic\/#primaryimage"},"image":{"@id":"https:\/\/www.megafly.it\/en\/prodotto\/fishing-guides-by-bostjan-jakopic\/#primaryimage"},"thumbnailUrl":"https:\/\/www.megafly.it\/wp-content\/uploads\/2025\/02\/Bostjan-jacopic.jpg","datePublished":"2025-02-12T08:08:36+00:00","dateModified":"2025-11-27T09:00:54+00:00","breadcrumb":{"@id":"https:\/\/www.megafly.it\/en\/prodotto\/fishing-guides-by-bostjan-jakopic\/#breadcrumb"},"inLanguage":"en-US","potentialAction":[{"@type":"ReadAction","target":["https:\/\/www.megafly.it\/en\/prodotto\/fishing-guides-by-bostjan-jakopic\/"]}]},{"@type":"ImageObject","inLanguage":"en-US","@id":"https:\/\/www.megafly.it\/en\/prodotto\/fishing-guides-by-bostjan-jakopic\/#primaryimage","url":"https:\/\/www.megafly.it\/wp-content\/uploads\/2025\/02\/Bostjan-jacopic.jpg","contentUrl":"https:\/\/www.megafly.it\/wp-content\/uploads\/2025\/02\/Bostjan-jacopic.jpg","width":1816,"height":1240,"caption":"Bostjan jacopic"},{"@type":"BreadcrumbList","@id":"https:\/\/www.megafly.it\/en\/prodotto\/fishing-guides-by-bostjan-jakopic\/#breadcrumb","itemListElement":[{"@type":"ListItem","position":1,"name":"Home","item":"https:\/\/www.megafly.it\/en\/home\/"},{"@type":"ListItem","position":2,"name":"Products","item":"https:\/\/www.megafly.it\/en\/products\/"},{"@type":"ListItem","position":3,"name":"FISHING GUIDES by Bo\u0161tjan Jakopi\u010d"}]},{"@type":"WebSite","@id":"https:\/\/www.megafly.it\/#website","url":"https:\/\/www.megafly.it\/","name":"Megafly","description":"","potentialAction":[{"@type":"SearchAction","target":{"@type":"EntryPoint","urlTemplate":"https:\/\/www.megafly.it\/?s={search_term_string}"},"query-input":{"@type":"PropertyValueSpecification","valueRequired":true,"valueName":"search_term_string"}}],"inLanguage":"en-US"}]}},"_links":{"self":[{"href":"https:\/\/www.megafly.it\/en\/wp-json\/wp\/v2\/product\/11540","targetHints":{"allow":["GET"]}}],"collection":[{"href":"https:\/\/www.megafly.it\/en\/wp-json\/wp\/v2\/product"}],"about":[{"href":"https:\/\/www.megafly.it\/en\/wp-json\/wp\/v2\/types\/product"}],"wp:featuredmedia":[{"embeddable":true,"href":"https:\/\/www.megafly.it\/en\/wp-json\/wp\/v2\/media\/18214"}],"wp:attachment":[{"href":"https:\/\/www.megafly.it\/en\/wp-json\/wp\/v2\/media?parent=11540"}],"wp:term":[{"taxonomy":"product_brand","embeddable":true,"href":"https:\/\/www.megafly.it\/en\/wp-json\/wp\/v2\/product_brand?post=11540"},{"taxonomy":"product_cat","embeddable":true,"href":"https:\/\/www.megafly.it\/en\/wp-json\/wp\/v2\/product_cat?post=11540"},{"taxonomy":"product_tag","embeddable":true,"href":"https:\/\/www.megafly.it\/en\/wp-json\/wp\/v2\/product_tag?post=11540"}],"curies":[{"name":"wp","href":"https:\/\/api.w.org\/{rel}","templated":true}]}}