{"id":12146,"date":"2025-01-24T11:58:15","date_gmt":"2025-01-24T10:58:15","guid":{"rendered":"https:\/\/www.megafly.it\/prodotto\/hanak-h-460-bl-rs\/"},"modified":"2025-11-27T10:09:22","modified_gmt":"2025-11-27T09:09:22","slug":"hanak-h-460-bl-rs","status":"publish","type":"product","link":"https:\/\/www.megafly.it\/en\/prodotto\/hanak-h-460-bl-rs\/","title":{"rendered":"HANAK H 460 BL RS"},"content":{"rendered":"<p>Let&#8217;s be very clear, catching fish is getting harder and harder, and while it is true that once upon a time nymphing could be transacted with presentations that were not exactly perfect, now things have changed. This hook was created precisely to solve one of the biggest problems that nymph fishermen struggle with: using very small hooks but having great sinking capabilities. This competition hook was precisely developed and perfected through close collaboration with Lubo\u0161 Roza, a multiple world and European champion. Franti\u0161ek Kouba and Franti\u0161ek Han\u00e1k also played a crucial role in testing and optimizing every detail. This specially designed hook is the centerpiece of a new concept , called RS, which aims to allow the use of the maximum bead size and weight on the smallest possible hook body. SO WHAT? AND SO YOU FISH SMALLER + FASTEN FISHING = TAKE MORE FISH Pack of 25 hooks.<\/p>\n","protected":false},"excerpt":{"rendered":"<p>Let&#8217;s be very clear, catching fish is getting harder and harder, and while it is true that once upon a time nymphing could be transacted with presentations that were not exactly perfect, now things have changed. This hook was created precisely to solve one of the biggest problems that nymph fishermen struggle with: using very [&hellip;]<\/p>\n","protected":false},"featured_media":18684,"template":"","meta":{"_acf_changed":false},"product_brand":[],"product_cat":[3142,1970,2470],"product_tag":[2683,3152],"class_list":{"0":"post-12146","1":"product","2":"type-product","3":"status-publish","4":"has-post-thumbnail","6":"product_cat-dry-nymph-hooks","7":"product_cat-fly-tying","8":"product_cat-ami","9":"product_tag-euro-nymph","10":"product_tag-hanak","12":"first","13":"instock","14":"taxable","15":"shipping-taxable","16":"purchasable","17":"product-type-variable"},"acf":[],"yoast_head":"<!-- This site is optimized with the Yoast SEO plugin v26.1.1 - https:\/\/yoast.com\/wordpress\/plugins\/seo\/ -->\n<title>HANAK H 460 BL RS - Megafly<\/title>\n<meta name=\"robots\" content=\"index, follow, max-snippet:-1, max-image-preview:large, max-video-preview:-1\" \/>\n<link rel=\"canonical\" href=\"https:\/\/www.megafly.it\/en\/prodotto\/hanak-h-460-bl-rs\/\" \/>\n<meta property=\"og:locale\" content=\"en_US\" \/>\n<meta property=\"og:type\" content=\"article\" \/>\n<meta property=\"og:title\" content=\"HANAK H 460 BL RS - Megafly\" \/>\n<meta property=\"og:description\" content=\"Let&#8217;s be very clear, catching fish is getting harder and harder, and while it is true that once upon a time nymphing could be transacted with presentations that were not exactly perfect, now things have changed. This hook was created precisely to solve one of the biggest problems that nymph fishermen struggle with: using very [&hellip;]\" \/>\n<meta property=\"og:url\" content=\"https:\/\/www.megafly.it\/en\/prodotto\/hanak-h-460-bl-rs\/\" \/>\n<meta property=\"og:site_name\" content=\"Megafly\" \/>\n<meta property=\"article:modified_time\" content=\"2025-11-27T09:09:22+00:00\" \/>\n<meta property=\"og:image\" content=\"https:\/\/www.megafly.it\/wp-content\/uploads\/2025\/01\/HANAK_H_460BL_FAM2.jpg\" \/>\n\t<meta property=\"og:image:width\" content=\"1164\" \/>\n\t<meta property=\"og:image:height\" content=\"1040\" \/>\n\t<meta property=\"og:image:type\" content=\"image\/jpeg\" \/>\n<meta name=\"twitter:card\" content=\"summary_large_image\" \/>\n<meta name=\"twitter:label1\" content=\"Est. reading time\" \/>\n\t<meta name=\"twitter:data1\" content=\"1 minute\" \/>\n<script type=\"application\/ld+json\" class=\"yoast-schema-graph\">{\"@context\":\"https:\/\/schema.org\",\"@graph\":[{\"@type\":\"WebPage\",\"@id\":\"https:\/\/www.megafly.it\/en\/prodotto\/hanak-h-460-bl-rs\/\",\"url\":\"https:\/\/www.megafly.it\/en\/prodotto\/hanak-h-460-bl-rs\/\",\"name\":\"HANAK H 460 BL RS - Megafly\",\"isPartOf\":{\"@id\":\"https:\/\/www.megafly.it\/#website\"},\"primaryImageOfPage\":{\"@id\":\"https:\/\/www.megafly.it\/en\/prodotto\/hanak-h-460-bl-rs\/#primaryimage\"},\"image\":{\"@id\":\"https:\/\/www.megafly.it\/en\/prodotto\/hanak-h-460-bl-rs\/#primaryimage\"},\"thumbnailUrl\":\"https:\/\/www.megafly.it\/wp-content\/uploads\/2025\/01\/HANAK_H_460BL_RS.png\",\"datePublished\":\"2025-01-24T10:58:15+00:00\",\"dateModified\":\"2025-11-27T09:09:22+00:00\",\"breadcrumb\":{\"@id\":\"https:\/\/www.megafly.it\/en\/prodotto\/hanak-h-460-bl-rs\/#breadcrumb\"},\"inLanguage\":\"en-US\",\"potentialAction\":[{\"@type\":\"ReadAction\",\"target\":[\"https:\/\/www.megafly.it\/en\/prodotto\/hanak-h-460-bl-rs\/\"]}]},{\"@type\":\"ImageObject\",\"inLanguage\":\"en-US\",\"@id\":\"https:\/\/www.megafly.it\/en\/prodotto\/hanak-h-460-bl-rs\/#primaryimage\",\"url\":\"https:\/\/www.megafly.it\/wp-content\/uploads\/2025\/01\/HANAK_H_460BL_RS.png\",\"contentUrl\":\"https:\/\/www.megafly.it\/wp-content\/uploads\/2025\/01\/HANAK_H_460BL_RS.png\",\"width\":1216,\"height\":1456,\"caption\":\"HANAK H 460BL RS\"},{\"@type\":\"BreadcrumbList\",\"@id\":\"https:\/\/www.megafly.it\/en\/prodotto\/hanak-h-460-bl-rs\/#breadcrumb\",\"itemListElement\":[{\"@type\":\"ListItem\",\"position\":1,\"name\":\"Home\",\"item\":\"https:\/\/www.megafly.it\/en\/home\/\"},{\"@type\":\"ListItem\",\"position\":2,\"name\":\"Products\",\"item\":\"https:\/\/www.megafly.it\/en\/products\/\"},{\"@type\":\"ListItem\",\"position\":3,\"name\":\"HANAK H 460 BL RS\"}]},{\"@type\":\"WebSite\",\"@id\":\"https:\/\/www.megafly.it\/#website\",\"url\":\"https:\/\/www.megafly.it\/\",\"name\":\"Megafly\",\"description\":\"\",\"potentialAction\":[{\"@type\":\"SearchAction\",\"target\":{\"@type\":\"EntryPoint\",\"urlTemplate\":\"https:\/\/www.megafly.it\/?s={search_term_string}\"},\"query-input\":{\"@type\":\"PropertyValueSpecification\",\"valueRequired\":true,\"valueName\":\"search_term_string\"}}],\"inLanguage\":\"en-US\"}]}<\/script>\n<!-- \/ Yoast SEO plugin. -->","yoast_head_json":{"title":"HANAK H 460 BL RS - Megafly","robots":{"index":"index","follow":"follow","max-snippet":"max-snippet:-1","max-image-preview":"max-image-preview:large","max-video-preview":"max-video-preview:-1"},"canonical":"https:\/\/www.megafly.it\/en\/prodotto\/hanak-h-460-bl-rs\/","og_locale":"en_US","og_type":"article","og_title":"HANAK H 460 BL RS - Megafly","og_description":"Let&#8217;s be very clear, catching fish is getting harder and harder, and while it is true that once upon a time nymphing could be transacted with presentations that were not exactly perfect, now things have changed. This hook was created precisely to solve one of the biggest problems that nymph fishermen struggle with: using very [&hellip;]","og_url":"https:\/\/www.megafly.it\/en\/prodotto\/hanak-h-460-bl-rs\/","og_site_name":"Megafly","article_modified_time":"2025-11-27T09:09:22+00:00","og_image":[{"width":1164,"height":1040,"url":"https:\/\/www.megafly.it\/wp-content\/uploads\/2025\/01\/HANAK_H_460BL_FAM2.jpg","type":"image\/jpeg"}],"twitter_card":"summary_large_image","twitter_misc":{"Est. reading time":"1 minute"},"schema":{"@context":"https:\/\/schema.org","@graph":[{"@type":"WebPage","@id":"https:\/\/www.megafly.it\/en\/prodotto\/hanak-h-460-bl-rs\/","url":"https:\/\/www.megafly.it\/en\/prodotto\/hanak-h-460-bl-rs\/","name":"HANAK H 460 BL RS - Megafly","isPartOf":{"@id":"https:\/\/www.megafly.it\/#website"},"primaryImageOfPage":{"@id":"https:\/\/www.megafly.it\/en\/prodotto\/hanak-h-460-bl-rs\/#primaryimage"},"image":{"@id":"https:\/\/www.megafly.it\/en\/prodotto\/hanak-h-460-bl-rs\/#primaryimage"},"thumbnailUrl":"https:\/\/www.megafly.it\/wp-content\/uploads\/2025\/01\/HANAK_H_460BL_RS.png","datePublished":"2025-01-24T10:58:15+00:00","dateModified":"2025-11-27T09:09:22+00:00","breadcrumb":{"@id":"https:\/\/www.megafly.it\/en\/prodotto\/hanak-h-460-bl-rs\/#breadcrumb"},"inLanguage":"en-US","potentialAction":[{"@type":"ReadAction","target":["https:\/\/www.megafly.it\/en\/prodotto\/hanak-h-460-bl-rs\/"]}]},{"@type":"ImageObject","inLanguage":"en-US","@id":"https:\/\/www.megafly.it\/en\/prodotto\/hanak-h-460-bl-rs\/#primaryimage","url":"https:\/\/www.megafly.it\/wp-content\/uploads\/2025\/01\/HANAK_H_460BL_RS.png","contentUrl":"https:\/\/www.megafly.it\/wp-content\/uploads\/2025\/01\/HANAK_H_460BL_RS.png","width":1216,"height":1456,"caption":"HANAK H 460BL RS"},{"@type":"BreadcrumbList","@id":"https:\/\/www.megafly.it\/en\/prodotto\/hanak-h-460-bl-rs\/#breadcrumb","itemListElement":[{"@type":"ListItem","position":1,"name":"Home","item":"https:\/\/www.megafly.it\/en\/home\/"},{"@type":"ListItem","position":2,"name":"Products","item":"https:\/\/www.megafly.it\/en\/products\/"},{"@type":"ListItem","position":3,"name":"HANAK H 460 BL RS"}]},{"@type":"WebSite","@id":"https:\/\/www.megafly.it\/#website","url":"https:\/\/www.megafly.it\/","name":"Megafly","description":"","potentialAction":[{"@type":"SearchAction","target":{"@type":"EntryPoint","urlTemplate":"https:\/\/www.megafly.it\/?s={search_term_string}"},"query-input":{"@type":"PropertyValueSpecification","valueRequired":true,"valueName":"search_term_string"}}],"inLanguage":"en-US"}]}},"_links":{"self":[{"href":"https:\/\/www.megafly.it\/en\/wp-json\/wp\/v2\/product\/12146","targetHints":{"allow":["GET"]}}],"collection":[{"href":"https:\/\/www.megafly.it\/en\/wp-json\/wp\/v2\/product"}],"about":[{"href":"https:\/\/www.megafly.it\/en\/wp-json\/wp\/v2\/types\/product"}],"wp:featuredmedia":[{"embeddable":true,"href":"https:\/\/www.megafly.it\/en\/wp-json\/wp\/v2\/media\/18684"}],"wp:attachment":[{"href":"https:\/\/www.megafly.it\/en\/wp-json\/wp\/v2\/media?parent=12146"}],"wp:term":[{"taxonomy":"product_brand","embeddable":true,"href":"https:\/\/www.megafly.it\/en\/wp-json\/wp\/v2\/product_brand?post=12146"},{"taxonomy":"product_cat","embeddable":true,"href":"https:\/\/www.megafly.it\/en\/wp-json\/wp\/v2\/product_cat?post=12146"},{"taxonomy":"product_tag","embeddable":true,"href":"https:\/\/www.megafly.it\/en\/wp-json\/wp\/v2\/product_tag?post=12146"}],"curies":[{"name":"wp","href":"https:\/\/api.w.org\/{rel}","templated":true}]}}